{"id":133,"date":"2025-03-19T08:50:28","date_gmt":"2025-03-19T08:50:28","guid":{"rendered":"https:\/\/versicherungskoenig.com\/?page_id=133"},"modified":"2025-04-10T07:48:18","modified_gmt":"2025-04-10T07:48:18","slug":"produkte","status":"publish","type":"page","link":"https:\/\/versicherungskoenig.com\/?page_id=133","title":{"rendered":"Produkte"},"content":{"rendered":"\n<p>Hier finden Sie eine kurze \u00dcbersicht der Interessantesten Punkte aus unserem Versicherungskatalog. Nat\u00fcrlich gehen die Leistungen weit dar\u00fcber hinaus. Vereinbaren Sie einen pers\u00f6nlichen und unverbindlichen Beratungstermin und erfahren Sie mehr zu den jeweiligen Produkten.<\/p>\n\n\n\n<h2 class=\"wp-block-heading\">Herausragende Rechtsschutztarife<\/h2>\n\n\n\n<p class=\"has-text-align-left\">Rechtsschutzversicherer gibt es viele &#8211; doch wir bieten mehr. Was hebt uns von den normalen Anbietern ab? <\/p>\n\n\n\n<div class=\"wp-block-media-text is-stacked-on-mobile\"><figure class=\"wp-block-media-text__media\"><img decoding=\"async\" width=\"1024\" height=\"1024\" data-src=\"https:\/\/versicherungskoenig.com\/wp-content\/uploads\/2025\/03\/3471dcdb-684d-4fb9-8924-f03de91fc615.webp\" alt=\"\" class=\"wp-image-138 size-full lazyload\" data-srcset=\"https:\/\/versicherungskoenig.com\/wp-content\/uploads\/2025\/03\/3471dcdb-684d-4fb9-8924-f03de91fc615.webp 1024w, https:\/\/versicherungskoenig.com\/wp-content\/uploads\/2025\/03\/3471dcdb-684d-4fb9-8924-f03de91fc615-300x300.webp 300w, https:\/\/versicherungskoenig.com\/wp-content\/uploads\/2025\/03\/3471dcdb-684d-4fb9-8924-f03de91fc615-150x150.webp 150w, https:\/\/versicherungskoenig.com\/wp-content\/uploads\/2025\/03\/3471dcdb-684d-4fb9-8924-f03de91fc615-768x768.webp 768w\" data-sizes=\"(max-width: 1024px) 100vw, 1024px\" src=\"data:image\/gif;base64,R0lGODlhAQABAAAAACH5BAEKAAEALAAAAAABAAEAAAICTAEAOw==\" style=\"--smush-placeholder-width: 1024px; --smush-placeholder-aspect-ratio: 1024\/1024;\" \/><\/figure><div class=\"wp-block-media-text__content\">\n<p><strong>-> H\u00f6here Versicherungssummen<br>-> Unterhaltsrechtsschutz inkl. Sorgerecht mit 30.000 \u20ac Deckungssumme pro Versicherungsfall<br>-> R\u00fcckwirkender Versicherungsschutz<\/strong> <strong>m\u00f6glich!<\/strong><br><strong>-> Eherechtsschutz mit 30.000 \u20ac Deckungssumme<br>-> Bauherren Rechtsschutz mit 10.000 \u20ac Versicherungssumme<\/strong><br><strong>-> kostenloses Anwaltstelefon 24\/7 auch f\u00fcr Auslandsf\u00e4lle<br>-> weitere Serviceleistungen wie Zuschuss f\u00fcr Testamentserstellung, Patientenverf\u00fcgung uvm.<\/strong><\/p>\n<\/div><\/div>\n\n\n\n<div style=\"height:39px\" aria-hidden=\"true\" class=\"wp-block-spacer\"><\/div>\n\n\n\n<div class=\"wp-block-buttons is-content-justification-center is-layout-flex wp-container-core-buttons-is-layout-16018d1d wp-block-buttons-is-layout-flex\">\n<div class=\"wp-block-button\"><a class=\"wp-block-button__link wp-element-button\" href=\"https:\/\/versicherungskoenig.com\/?page_id=29\">Zur Anfrage!<\/a><\/div>\n<\/div>\n\n\n\n<div style=\"height:39px\" aria-hidden=\"true\" class=\"wp-block-spacer\"><\/div>\n\n\n\n<h2 class=\"wp-block-heading\">Hausratversicherung<\/h2>\n\n\n\n<p>Eine Hausratversicherung sch\u00fctzt Ihr hab und gut. Ein Brand, ein Wasserschaden und schon steht man ohne sein hab und gut da. Wir sch\u00fctzen Sie vor finanziellen Sch\u00e4den!<\/p>\n\n\n\n<div class=\"wp-block-media-text has-media-on-the-right is-stacked-on-mobile\"><div class=\"wp-block-media-text__content\">\n<p><strong>-&gt; Unbegrenzte Deckungssumme<br>-&gt; Kein Abzug bei grober Fahrl\u00e4ssigkeit!<br>-&gt; Gesch\u00fctzt vor Feuer, Einbruch, Vandalismus, Leitungswasser, Sturm &amp; Hagel, Weitere Naturgefahren (je nach Tarif)<br>-&gt; \u00dcbernahme von Hotelkosten bis 150 Tage bei unbewohnbarkeit<br>-&gt; Wertsachen sind je nach Tarif bis 100.000 \u20ac gesch\u00fctzt<br>-&gt; Au\u00dfenversicherung (Hausrat ist bis max. 24 Monate &#8211; je nach Tarif) au\u00dferhalb der Wohnung versichert!<br>-&gt; Erstattung der Kosten f\u00fcr neue Schl\u00f6sser bei Schl\u00fcsselverlust!<\/strong><\/p>\n<\/div><figure class=\"wp-block-media-text__media\"><img decoding=\"async\" width=\"1024\" height=\"1024\" data-src=\"https:\/\/versicherungskoenig.com\/wp-content\/uploads\/2025\/03\/ab3bbd12-2ff9-4a6b-8a8d-d1233597b896.webp\" alt=\"\" class=\"wp-image-142 size-full lazyload\" data-srcset=\"https:\/\/versicherungskoenig.com\/wp-content\/uploads\/2025\/03\/ab3bbd12-2ff9-4a6b-8a8d-d1233597b896.webp 1024w, https:\/\/versicherungskoenig.com\/wp-content\/uploads\/2025\/03\/ab3bbd12-2ff9-4a6b-8a8d-d1233597b896-300x300.webp 300w, https:\/\/versicherungskoenig.com\/wp-content\/uploads\/2025\/03\/ab3bbd12-2ff9-4a6b-8a8d-d1233597b896-150x150.webp 150w, https:\/\/versicherungskoenig.com\/wp-content\/uploads\/2025\/03\/ab3bbd12-2ff9-4a6b-8a8d-d1233597b896-768x768.webp 768w\" data-sizes=\"(max-width: 1024px) 100vw, 1024px\" src=\"data:image\/gif;base64,R0lGODlhAQABAAAAACH5BAEKAAEALAAAAAABAAEAAAICTAEAOw==\" style=\"--smush-placeholder-width: 1024px; --smush-placeholder-aspect-ratio: 1024\/1024;\" \/><\/figure><\/div>\n\n\n\n<div style=\"height:39px\" aria-hidden=\"true\" class=\"wp-block-spacer\"><\/div>\n\n\n\n<div class=\"wp-block-buttons is-content-justification-center is-layout-flex wp-container-core-buttons-is-layout-16018d1d wp-block-buttons-is-layout-flex\">\n<div class=\"wp-block-button\"><a class=\"wp-block-button__link wp-element-button\" href=\"https:\/\/versicherungskoenig.com\/?page_id=29\">Zur Anfrage!<\/a><\/div>\n<\/div>\n\n\n\n<div style=\"height:39px\" aria-hidden=\"true\" class=\"wp-block-spacer\"><\/div>\n\n\n\n<h2 class=\"wp-block-heading\">Haftpflichtversicherung<\/h2>\n\n\n\n<p>Eine Haftpflichtversicherung ist zwar gesetzlich immer noch keine Pflicht, dennoch ist sie die wichtigste Versicherung in Deutschland. Schnell kann es passieren, dass man unbeabsichtigt jemand anderen oder dessen Besitz Schaden zuf\u00fcgt. Mit einer Haftpflichtversicherung sch\u00fctzen wir Sie vor finanziellen Sch\u00e4den!<\/p>\n\n\n\n<div class=\"wp-block-media-text is-stacked-on-mobile\"><figure class=\"wp-block-media-text__media\"><img decoding=\"async\" width=\"1024\" height=\"1024\" data-src=\"http:\/\/versicherungskoenig.com\/wp-content\/uploads\/2025\/03\/haftpflicht.webp\" alt=\"\" class=\"wp-image-175 size-full lazyload\" data-srcset=\"https:\/\/versicherungskoenig.com\/wp-content\/uploads\/2025\/03\/haftpflicht.webp 1024w, https:\/\/versicherungskoenig.com\/wp-content\/uploads\/2025\/03\/haftpflicht-300x300.webp 300w, https:\/\/versicherungskoenig.com\/wp-content\/uploads\/2025\/03\/haftpflicht-150x150.webp 150w, https:\/\/versicherungskoenig.com\/wp-content\/uploads\/2025\/03\/haftpflicht-768x768.webp 768w\" data-sizes=\"(max-width: 1024px) 100vw, 1024px\" src=\"data:image\/gif;base64,R0lGODlhAQABAAAAACH5BAEKAAEALAAAAAABAAEAAAICTAEAOw==\" style=\"--smush-placeholder-width: 1024px; --smush-placeholder-aspect-ratio: 1024\/1024;\" \/><\/figure><div class=\"wp-block-media-text__content\">\n<p><strong>-&gt; Versicherungssumme von bis zu 60 Mio. \u20ac, max 20 Mio. \u20ac pro Personenschaden (je nach Tarif)<br>-&gt; Keine Begrenzung der Jahresh\u00f6chstgrenze (kein Limit f\u00fcr mehrere Sch\u00e4den pro Jahr)<br>-&gt; Mietsch\u00e4den an gemieteten Wohnungen, Ferienh\u00e4usern, Hotelzimmern oder Schiffskabinen sind bis max. zur Versicherungssumme versichert (h\u00f6he je nach Tarif)<br>-&gt; Forderungsausfall Deckung ( Falls ein Dritter dir einen Schaden zuf\u00fcgt und nicht zahlen kann, \u00fcbernimmt die Versicherung den Schaden) <\/strong><\/p>\n<\/div><\/div>\n\n\n\n<div style=\"height:39px\" aria-hidden=\"true\" class=\"wp-block-spacer\"><\/div>\n\n\n\n<div class=\"wp-block-buttons is-content-justification-center is-layout-flex wp-container-core-buttons-is-layout-16018d1d wp-block-buttons-is-layout-flex\">\n<div class=\"wp-block-button\"><a class=\"wp-block-button__link wp-element-button\" href=\"https:\/\/versicherungskoenig.com\/?page_id=29\">Zur Anfrage!<\/a><\/div>\n<\/div>\n\n\n\n<div style=\"height:39px\" aria-hidden=\"true\" class=\"wp-block-spacer\"><\/div>\n\n\n\n<h2 class=\"wp-block-heading\">Unfallversicherung<\/h2>\n\n\n\n<p>Schnell ist es passiert, man st\u00fcrzt mit dem Fahrrad oder knickt mit dem Fu\u00df um. Mit unserem Frakturengeld sch\u00fctzen wir Sie nicht nur vor schweren Unf\u00e4llen. <\/p>\n\n\n\n<div class=\"wp-block-media-text has-media-on-the-right is-stacked-on-mobile\"><div class=\"wp-block-media-text__content\">\n<p><strong>-&gt; Unf\u00e4lle durch Eigenbewegung wie Muskelrisse, Sehnen- und B\u00e4nderverletzungen<br>-&gt; Indvalidit\u00e4tsrente mit Progressionen bis zu 500 % f\u00fcr optimale Absicherung<br>-&gt; Frakturengeld (Kapitalsoforthilfe bei Frakturen): 5 % der vereinb. Versicherungssumme bei Frakturen, 1 % der vereinb. Versicherungssumme bei B\u00e4nder oder Sehnenrissen<br>-&gt; Weitere Zusatzoptionen wie Fit Plus f\u00fcr Sportler uvm.<\/strong><\/p>\n<\/div><figure class=\"wp-block-media-text__media\"><img decoding=\"async\" width=\"1024\" height=\"1024\" data-src=\"http:\/\/versicherungskoenig.com\/wp-content\/uploads\/2025\/03\/79eac07d-904a-45ae-aa92-67595242c091.webp\" alt=\"\" class=\"wp-image-168 size-full lazyload\" data-srcset=\"https:\/\/versicherungskoenig.com\/wp-content\/uploads\/2025\/03\/79eac07d-904a-45ae-aa92-67595242c091.webp 1024w, https:\/\/versicherungskoenig.com\/wp-content\/uploads\/2025\/03\/79eac07d-904a-45ae-aa92-67595242c091-300x300.webp 300w, https:\/\/versicherungskoenig.com\/wp-content\/uploads\/2025\/03\/79eac07d-904a-45ae-aa92-67595242c091-150x150.webp 150w, https:\/\/versicherungskoenig.com\/wp-content\/uploads\/2025\/03\/79eac07d-904a-45ae-aa92-67595242c091-768x768.webp 768w\" data-sizes=\"(max-width: 1024px) 100vw, 1024px\" src=\"data:image\/gif;base64,R0lGODlhAQABAAAAACH5BAEKAAEALAAAAAABAAEAAAICTAEAOw==\" style=\"--smush-placeholder-width: 1024px; --smush-placeholder-aspect-ratio: 1024\/1024;\" \/><\/figure><\/div>\n\n\n\n<div style=\"height:39px\" aria-hidden=\"true\" class=\"wp-block-spacer\"><\/div>\n\n\n\n<div class=\"wp-block-buttons is-content-justification-center is-layout-flex wp-container-core-buttons-is-layout-16018d1d wp-block-buttons-is-layout-flex\">\n<div class=\"wp-block-button\"><a class=\"wp-block-button__link wp-element-button\" href=\"https:\/\/versicherungskoenig.com\/?page_id=29\">Zur Anfrage!<\/a><\/div>\n<\/div>\n\n\n\n<div style=\"height:39px\" aria-hidden=\"true\" class=\"wp-block-spacer\"><\/div>\n\n\n\n<h2 class=\"wp-block-heading\">Krankenvollversicherung<\/h2>\n\n\n\n<p>Bestens abgesichert mit einer privaten Krankenkasse. Profitieren Sie von bester Versorgung und einer Altersr\u00fcckstellung im Alter. <\/p>\n\n\n\n<div class=\"wp-block-media-text is-stacked-on-mobile\"><figure class=\"wp-block-media-text__media\"><img decoding=\"async\" width=\"1024\" height=\"1024\" data-src=\"https:\/\/versicherungskoenig.com\/wp-content\/uploads\/2025\/03\/b9178e94-0b8e-4528-b191-e6206b9ce2be.webp\" alt=\"\" class=\"wp-image-149 size-full lazyload\" data-srcset=\"https:\/\/versicherungskoenig.com\/wp-content\/uploads\/2025\/03\/b9178e94-0b8e-4528-b191-e6206b9ce2be.webp 1024w, https:\/\/versicherungskoenig.com\/wp-content\/uploads\/2025\/03\/b9178e94-0b8e-4528-b191-e6206b9ce2be-300x300.webp 300w, https:\/\/versicherungskoenig.com\/wp-content\/uploads\/2025\/03\/b9178e94-0b8e-4528-b191-e6206b9ce2be-150x150.webp 150w, https:\/\/versicherungskoenig.com\/wp-content\/uploads\/2025\/03\/b9178e94-0b8e-4528-b191-e6206b9ce2be-768x768.webp 768w\" data-sizes=\"(max-width: 1024px) 100vw, 1024px\" src=\"data:image\/gif;base64,R0lGODlhAQABAAAAACH5BAEKAAEALAAAAAABAAEAAAICTAEAOw==\" style=\"--smush-placeholder-width: 1024px; --smush-placeholder-aspect-ratio: 1024\/1024;\" \/><\/figure><div class=\"wp-block-media-text__content\">\n<p><strong>-&gt; Chefarztbehandlung im Krankenhaus! <br>-&gt; Terminvereinbarung beim Facharzt ohne \u00dcberweisung<br>-&gt; Bessere Leistungen als in der gesetzlichen Krankenversicherung<br>-&gt; Freie Arztwahl<br>-&gt; Beste Heilpraktikerleistungen<br>-&gt; Zahnbehandlungen und Prophylaxen<br>-&gt; Finanzielle Vorteile wenn man die Versicherung nicht in Anspruch nimmt in Form von Beitragsr\u00fcckerstattungen<br>-&gt; Bildung von Altersr\u00fcckstellungen um im Alter die Kosten zu reduzieren<\/strong><\/p>\n<\/div><\/div>\n\n\n\n<div style=\"height:39px\" aria-hidden=\"true\" class=\"wp-block-spacer\"><\/div>\n\n\n\n<div class=\"wp-block-buttons is-content-justification-center is-layout-flex wp-container-core-buttons-is-layout-16018d1d wp-block-buttons-is-layout-flex\">\n<div class=\"wp-block-button\"><a class=\"wp-block-button__link wp-element-button\" href=\"https:\/\/versicherungskoenig.com\/?page_id=29\">Zur Anfrage!<\/a><\/div>\n<\/div>\n\n\n\n<div style=\"height:39px\" aria-hidden=\"true\" class=\"wp-block-spacer\"><\/div>\n\n\n\n<h2 class=\"wp-block-heading\">Zusatzversicherungen<\/h2>\n\n\n\n<p>Sie sind gesetzlich Versichert und m\u00f6chten sich zus\u00e4tzlich \u00fcber den Standard absichern? <\/p>\n\n\n\n<div class=\"wp-block-media-text has-media-on-the-right is-stacked-on-mobile\"><div class=\"wp-block-media-text__content\">\n<p><strong>-&gt; Zahnzusatztarife f\u00fcr optimalen Schutz Ihrer Z\u00e4hne<br>-&gt; Ambulante Zusatzversicherungen f\u00fcr einen besseren Aufenthalt falls Sie doch einmal ins Krankenhaus m\u00fcssen<br>-&gt; Krankenhaustagegeld<br>-&gt; Krankentagegeld f\u00fcr finanzielle Absicherung<br>-&gt; Auf Ihre Bed\u00fcrfnisse angepasst! <\/strong><\/p>\n<\/div><figure class=\"wp-block-media-text__media\"><img decoding=\"async\" width=\"1024\" height=\"1024\" data-src=\"https:\/\/versicherungskoenig.com\/wp-content\/uploads\/2025\/03\/ab040cc4-a3c9-40ed-8e0c-391016032531.webp\" alt=\"\" class=\"wp-image-153 size-full lazyload\" data-srcset=\"https:\/\/versicherungskoenig.com\/wp-content\/uploads\/2025\/03\/ab040cc4-a3c9-40ed-8e0c-391016032531.webp 1024w, https:\/\/versicherungskoenig.com\/wp-content\/uploads\/2025\/03\/ab040cc4-a3c9-40ed-8e0c-391016032531-300x300.webp 300w, https:\/\/versicherungskoenig.com\/wp-content\/uploads\/2025\/03\/ab040cc4-a3c9-40ed-8e0c-391016032531-150x150.webp 150w, https:\/\/versicherungskoenig.com\/wp-content\/uploads\/2025\/03\/ab040cc4-a3c9-40ed-8e0c-391016032531-768x768.webp 768w\" data-sizes=\"(max-width: 1024px) 100vw, 1024px\" src=\"data:image\/gif;base64,R0lGODlhAQABAAAAACH5BAEKAAEALAAAAAABAAEAAAICTAEAOw==\" style=\"--smush-placeholder-width: 1024px; --smush-placeholder-aspect-ratio: 1024\/1024;\" \/><\/figure><\/div>\n\n\n\n<div style=\"height:39px\" aria-hidden=\"true\" class=\"wp-block-spacer\"><\/div>\n\n\n\n<div class=\"wp-block-buttons is-content-justification-center is-layout-flex wp-container-core-buttons-is-layout-16018d1d wp-block-buttons-is-layout-flex\">\n<div class=\"wp-block-button\"><a class=\"wp-block-button__link wp-element-button\" href=\"https:\/\/versicherungskoenig.com\/?page_id=29\">Zur Anfrage!<\/a><\/div>\n<\/div>\n\n\n\n<div style=\"height:39px\" aria-hidden=\"true\" class=\"wp-block-spacer\"><\/div>\n\n\n\n<h2 class=\"wp-block-heading\">Altersvorsorge, Risikoversicherung, Berufsunf\u00e4higkeit<\/h2>\n\n\n\n<p>Ob Sie nun f\u00fcr Ihre Rente sparen wollen, sich und Ihre Familie finanziell absichern wollen, oder eine Berufsunf\u00e4higkeitsversicherung m\u00f6chten &#8211; wir stehen an Ihrer Seite!<\/p>\n\n\n\n<div class=\"wp-block-media-text is-stacked-on-mobile\"><figure class=\"wp-block-media-text__media\"><img decoding=\"async\" width=\"1024\" height=\"1024\" data-src=\"https:\/\/versicherungskoenig.com\/wp-content\/uploads\/2025\/03\/de20adf6-d08d-429b-8e5e-8d18f0328ae3.webp\" alt=\"\" class=\"wp-image-156 size-full lazyload\" data-srcset=\"https:\/\/versicherungskoenig.com\/wp-content\/uploads\/2025\/03\/de20adf6-d08d-429b-8e5e-8d18f0328ae3.webp 1024w, https:\/\/versicherungskoenig.com\/wp-content\/uploads\/2025\/03\/de20adf6-d08d-429b-8e5e-8d18f0328ae3-300x300.webp 300w, https:\/\/versicherungskoenig.com\/wp-content\/uploads\/2025\/03\/de20adf6-d08d-429b-8e5e-8d18f0328ae3-150x150.webp 150w, https:\/\/versicherungskoenig.com\/wp-content\/uploads\/2025\/03\/de20adf6-d08d-429b-8e5e-8d18f0328ae3-768x768.webp 768w\" data-sizes=\"(max-width: 1024px) 100vw, 1024px\" src=\"data:image\/gif;base64,R0lGODlhAQABAAAAACH5BAEKAAEALAAAAAABAAEAAAICTAEAOw==\" style=\"--smush-placeholder-width: 1024px; --smush-placeholder-aspect-ratio: 1024\/1024;\" \/><\/figure><div class=\"wp-block-media-text__content\">\n<p><strong>-&gt; Individuelle Altersvorsorge &amp; Rentenversicherung. Fondgebunden, mit und ohne Garantien ganz nach Ihren W\u00fcnschen<br>-&gt; Berufsunf\u00e4higkeitsversicherung f\u00fcr Ihre pers\u00f6nliche Absicherung<br>-&gt; Risikolebensversicherung zum Schutz Ihrer Familie <br>-&gt; Kindervorsorge f\u00fcr Verm\u00f6gensausbau und Berufsunf\u00e4higkeitsschutz bereits im Schulalter<br>-&gt; Flexible Rentenmodelle wie sonst nirgendwo<\/strong><\/p>\n<\/div><\/div>\n\n\n\n<div style=\"height:39px\" aria-hidden=\"true\" class=\"wp-block-spacer\"><\/div>\n\n\n\n<div class=\"wp-block-buttons is-content-justification-center is-layout-flex wp-container-core-buttons-is-layout-16018d1d wp-block-buttons-is-layout-flex\">\n<div class=\"wp-block-button\"><a class=\"wp-block-button__link wp-element-button\" href=\"https:\/\/versicherungskoenig.com\/?page_id=29\">Zur Anfrage!<\/a><\/div>\n<\/div>\n\n\n\n<div style=\"height:39px\" aria-hidden=\"true\" class=\"wp-block-spacer\"><\/div>\n\n\n\n<h2 class=\"wp-block-heading\">Versicherungen f\u00fcr Ihre 4 beinigen Lieblinge<\/h2>\n\n\n\n<p>Unserer Haustiere geh\u00f6ren zur Familie und sollen dementsprechend auch bestens Versorg sein wenn Ihnen doch mal etwas fehlt. Wir stehen nicht nur Ihnen zur Seite, sondern auch Ihren Lieblingen!<\/p>\n\n\n\n<div class=\"wp-block-media-text has-media-on-the-right is-stacked-on-mobile\"><div class=\"wp-block-media-text__content\">\n<p><strong>-&gt; Tierhalterhaftpflicht Versicherungen f\u00fcr Hunde und Pferde<br>-&gt; Tier OP-Protect Versicherung f\u00fcr die Erstattung von Operationskosten (Krankheits oder Unfallbedingt) uvm.<br>-&gt; Tier Protect Versicherung voll: Ob Vorsorge, Krankheit oder Operation \/ mit dieser Versicherung sind Ihre Lieblinge bestens Versorgt und Ihr Geldbeutel entlastet.<br>-&gt; weltweite Absicherung bis 12 Monate je nach Tarif<\/strong><\/p>\n<\/div><figure class=\"wp-block-media-text__media\"><img decoding=\"async\" width=\"1024\" height=\"1024\" data-src=\"https:\/\/versicherungskoenig.com\/wp-content\/uploads\/2025\/03\/7fd52761-4e0a-43e5-99cf-7e78025a3b42.webp\" alt=\"\" class=\"wp-image-159 size-full lazyload\" data-srcset=\"https:\/\/versicherungskoenig.com\/wp-content\/uploads\/2025\/03\/7fd52761-4e0a-43e5-99cf-7e78025a3b42.webp 1024w, https:\/\/versicherungskoenig.com\/wp-content\/uploads\/2025\/03\/7fd52761-4e0a-43e5-99cf-7e78025a3b42-300x300.webp 300w, https:\/\/versicherungskoenig.com\/wp-content\/uploads\/2025\/03\/7fd52761-4e0a-43e5-99cf-7e78025a3b42-150x150.webp 150w, https:\/\/versicherungskoenig.com\/wp-content\/uploads\/2025\/03\/7fd52761-4e0a-43e5-99cf-7e78025a3b42-768x768.webp 768w\" data-sizes=\"(max-width: 1024px) 100vw, 1024px\" src=\"data:image\/gif;base64,R0lGODlhAQABAAAAACH5BAEKAAEALAAAAAABAAEAAAICTAEAOw==\" style=\"--smush-placeholder-width: 1024px; --smush-placeholder-aspect-ratio: 1024\/1024;\" \/><\/figure><\/div>\n\n\n\n<p class=\"has-text-align-center\"><strong>Gerne beraten wir Sie unverbindlich zu den jeweiligen Versicherungen oder \u00fcber diese hinaus. Buchen Sie jetzt Ihren kostenfreien Beratungstermin und erfahren Sie mehr. <\/strong><\/p>\n\n\n\n<div class=\"wp-block-buttons is-content-justification-center is-layout-flex wp-container-core-buttons-is-layout-16018d1d wp-block-buttons-is-layout-flex\">\n<div class=\"wp-block-button\"><a class=\"wp-block-button__link wp-element-button\" href=\"https:\/\/versicherungskoenig.com\/?page_id=29\">Zur Anfrage!<\/a><\/div>\n<\/div>\n","protected":false},"excerpt":{"rendered":"<p>Rechtsschutzversicherer gibt es viele &#8211; doch wir bieten mehr. Was hebt uns von den normalen Anbietern ab? <\/p>\n","protected":false},"author":1,"featured_media":0,"parent":0,"menu_order":0,"comment_status":"closed","ping_status":"closed","template":"","meta":{"footnotes":""},"class_list":["post-133","page","type-page","status-publish","hentry"],"_links":{"self":[{"href":"https:\/\/versicherungskoenig.com\/index.php?rest_route=\/wp\/v2\/pages\/133","targetHints":{"allow":["GET"]}}],"collection":[{"href":"https:\/\/versicherungskoenig.com\/index.php?rest_route=\/wp\/v2\/pages"}],"about":[{"href":"https:\/\/versicherungskoenig.com\/index.php?rest_route=\/wp\/v2\/types\/page"}],"author":[{"embeddable":true,"href":"https:\/\/versicherungskoenig.com\/index.php?rest_route=\/wp\/v2\/users\/1"}],"replies":[{"embeddable":true,"href":"https:\/\/versicherungskoenig.com\/index.php?rest_route=%2Fwp%2Fv2%2Fcomments&post=133"}],"version-history":[{"count":17,"href":"https:\/\/versicherungskoenig.com\/index.php?rest_route=\/wp\/v2\/pages\/133\/revisions"}],"predecessor-version":[{"id":179,"href":"https:\/\/versicherungskoenig.com\/index.php?rest_route=\/wp\/v2\/pages\/133\/revisions\/179"}],"wp:attachment":[{"href":"https:\/\/versicherungskoenig.com\/index.php?rest_route=%2Fwp%2Fv2%2Fmedia&parent=133"}],"curies":[{"name":"wp","href":"https:\/\/api.w.org\/{rel}","templated":true}]}}