{"id":27,"date":"2025-03-04T13:57:25","date_gmt":"2025-03-04T13:57:25","guid":{"rendered":"https:\/\/versicherungskoenig.com\/?page_id=27"},"modified":"2025-07-28T13:40:19","modified_gmt":"2025-07-28T13:40:19","slug":"impressum","status":"publish","type":"page","link":"https:\/\/versicherungskoenig.com\/?page_id=27","title":{"rendered":"Impressum"},"content":{"rendered":"\n<h2 class=\"wp-block-heading\">Impressum<\/h2>\n\n\n\n<p>Pascal Kre\u00df<br>ARAG SE &#8211; Hauptgesch\u00e4ftsstelle Oberland<br>Hans-Urmiller-Ring 35, 3. Etage Seiteneingang links<br>82515 Wolfratshausen<br>Mobil: 01590 1842878<br>Tel. 08171-90829-30<br>Fax 08171-90829-50<br>pascal.kress@arag-partner.de<br>Gesch\u00e4ftsstelle: gs.oberland@arag.de<br><br>Als selbstst\u00e4ndiger Handelsvertreter vermittle ich Versicherungen f\u00fcr folgende Gesellschaften:<br>&#8211; ARAG SE<br>&#8211; ARAG Allgemeine Versicherungs-AG<br>&#8211; ARAG Krankenversicherungs-AG<br>&#8211; ALTE LEIPZIGER Lebensversicherung <br>&#8211; Helvetia Schweizerische Versicherungsgesellschaft AG<br>&#8211; W\u00fcstenrot Bausparkasse AG<br><br>Ich erhalte bei Abschluss eines Versicherungsvertrages eine Provision, die in dem Versicherungsbeitrag bereits enthalten ist. Ich bin t\u00e4tig als gebundener Versicherungsvertreter nach \u00a734d Absatz 7 Satz 1 Nummer 1 GewO. Berufsrechtliche Regelungen finden sich in \u00a7\u00a759 &#8211; 68 WG sowie in der VersVerV.<br>IHK-Register-Nr. D-5ABC-ARAG-99<\/p>\n\n\n\n<figure class=\"wp-block-image size-large\"><img decoding=\"async\" width=\"1024\" height=\"360\" data-src=\"https:\/\/versicherungskoenig.com\/wp-content\/uploads\/2025\/03\/image-1-1024x360.png\" alt=\"\" class=\"wp-image-76 lazyload\" data-srcset=\"https:\/\/versicherungskoenig.com\/wp-content\/uploads\/2025\/03\/image-1-1024x360.png 1024w, https:\/\/versicherungskoenig.com\/wp-content\/uploads\/2025\/03\/image-1-300x105.png 300w, https:\/\/versicherungskoenig.com\/wp-content\/uploads\/2025\/03\/image-1-768x270.png 768w, https:\/\/versicherungskoenig.com\/wp-content\/uploads\/2025\/03\/image-1-1536x540.png 1536w, https:\/\/versicherungskoenig.com\/wp-content\/uploads\/2025\/03\/image-1.png 1650w\" data-sizes=\"(max-width: 1024px) 100vw, 1024px\" src=\"data:image\/gif;base64,R0lGODlhAQABAAAAACH5BAEKAAEALAAAAAABAAEAAAICTAEAOw==\" style=\"--smush-placeholder-width: 1024px; --smush-placeholder-aspect-ratio: 1024\/360;\" \/><\/figure>\n\n\n\n<p>Hinweise zur DSGVO finden Sie unter<br><a href=\"https:\/\/www.arag.de\/ds-infos\">https:\/\/www.arag.de\/ds-infos<\/a><\/p>\n\n\n\n<p><strong>Bitte besuchen Sie uns auch auf unserer Homepage <\/strong><strong><a href=\"http:\/\/www.arag-partner.de\/gst-oberland\">www.arag-partner.de\/gst-oberland<\/a><\/strong><strong>&nbsp;oder jetzt auch auf Facebook <\/strong><strong><a href=\"http:\/\/www.facebook.com\/arag.oberland\">www.facebook.com\/arag.oberland<\/a><\/strong><\/p>\n\n\n\n<p>Gebundener Versicherungsvermittler nach \u00a7 34d Abs. 7 Nr. 1 GewO<br>Deutscher Industrie- und Handelskammertag (DHK) e.V.<br>Breite Stra\u00dfe 29, 10178 Berlin<br>Telefon 0 18 06 00 58 50\u00a0(0,20 EUR\/Min. aus dem deutschen Festnetz*) <a href=\"http:\/\/www.vermittlerregister.info\/\">www.vermittlerregister.info<\/a><br><\/p>\n\n\n\n<p>Beschwerde-\/Schlichtungsstelle Versicherungsombudsmann e.V. Postfach 080632, 10006 Berlin, Telefon 0 18 04 22 44 24, Fax 0 18 04 22 44 25&nbsp;f\u00fcr 0,20 EUR \/Anruf*\/Fax E-Mail <a href=\"mailto:beschwerde@versicherungsombudsmann.de\">beschwerde@versicherungsombudsmann.de<\/a><\/p>\n\n\n\n<p>* h\u00f6chstens 0,60 EUR\/Min. aus Mobilfunknetzen<\/p>\n","protected":false},"excerpt":{"rendered":"<p>Impressum Pascal Kre\u00dfARAG SE &#8211; Hauptgesch\u00e4ftsstelle OberlandHans-Urmiller-Ring 35, 3. Etage Seiteneingang links82515 WolfratshausenMobil: 01590 1842878Tel. 08171-90829-30Fax 08171-90829-50pascal.kress@arag-partner.deGesch\u00e4ftsstelle: gs.oberland@arag.de Als selbstst\u00e4ndiger Handelsvertreter vermittle ich Versicherungen f\u00fcr folgende Gesellschaften:&#8211; ARAG SE&#8211; ARAG Allgemeine Versicherungs-AG&#8211; ARAG Krankenversicherungs-AG&#8211; ALTE LEIPZIGER Lebensversicherung &#8211; Helvetia Schweizerische Versicherungsgesellschaft AG&#8211; W\u00fcstenrot Bausparkasse AG Ich erhalte bei Abschluss eines Versicherungsvertrages eine Provision, die in [&hellip;]<\/p>\n","protected":false},"author":1,"featured_media":0,"parent":0,"menu_order":0,"comment_status":"closed","ping_status":"closed","template":"pagebuilder.php","meta":{"footnotes":""},"class_list":["post-27","page","type-page","status-publish","hentry"],"_links":{"self":[{"href":"https:\/\/versicherungskoenig.com\/index.php?rest_route=\/wp\/v2\/pages\/27","targetHints":{"allow":["GET"]}}],"collection":[{"href":"https:\/\/versicherungskoenig.com\/index.php?rest_route=\/wp\/v2\/pages"}],"about":[{"href":"https:\/\/versicherungskoenig.com\/index.php?rest_route=\/wp\/v2\/types\/page"}],"author":[{"embeddable":true,"href":"https:\/\/versicherungskoenig.com\/index.php?rest_route=\/wp\/v2\/users\/1"}],"replies":[{"embeddable":true,"href":"https:\/\/versicherungskoenig.com\/index.php?rest_route=%2Fwp%2Fv2%2Fcomments&post=27"}],"version-history":[{"count":9,"href":"https:\/\/versicherungskoenig.com\/index.php?rest_route=\/wp\/v2\/pages\/27\/revisions"}],"predecessor-version":[{"id":218,"href":"https:\/\/versicherungskoenig.com\/index.php?rest_route=\/wp\/v2\/pages\/27\/revisions\/218"}],"wp:attachment":[{"href":"https:\/\/versicherungskoenig.com\/index.php?rest_route=%2Fwp%2Fv2%2Fmedia&parent=27"}],"curies":[{"name":"wp","href":"https:\/\/api.w.org\/{rel}","templated":true}]}}