{"id":63,"date":"2025-03-04T14:31:48","date_gmt":"2025-03-04T14:31:48","guid":{"rendered":"https:\/\/versicherungskoenig.com\/?page_id=63"},"modified":"2025-03-05T14:36:56","modified_gmt":"2025-03-05T14:36:56","slug":"ueber-mich","status":"publish","type":"page","link":"https:\/\/versicherungskoenig.com\/?page_id=63","title":{"rendered":"\u00dcber mich"},"content":{"rendered":"\n<div class=\"wp-block-media-text has-media-on-the-right is-stacked-on-mobile\"><div class=\"wp-block-media-text__content\">\n<p>Als gebundener Versicherungsberater f\u00fcr die ARAG SE habe ich es mir als Aufgabe gemacht, den Kunden zu beraten und nicht schlichtweg zu verkaufen. <br><br>Eine Versicherung soll Ihnen helfen, sich Ihren Bed\u00fcrfnissen entsprechend abzusichern, um vor finanziellen Sch\u00e4den gesch\u00fctzt zu sein. Mein Ziel ist es, dies mit Ihnen gemeinsam zu erreichen. Ich m\u00f6chte keinen schnellen Verkaufsabschluss, sondern einen zufriedenen, gut informierten Kunden. Mein Ziel ist es, dass Sie sich rundum gut beraten und wohl f\u00fchlen. Mit dem guten Gef\u00fchl, der besten Absicherung, haben Sie Zeit, sich auf die sch\u00f6nen Dinge im Leben konzentrieren zu k\u00f6nnen. <br><br>Ich freue mich darauf, Sie kennenlernen zu d\u00fcrfen!<\/p>\n<\/div><figure class=\"wp-block-media-text__media\"><img decoding=\"async\" width=\"683\" height=\"1024\" data-src=\"https:\/\/versicherungskoenig.com\/wp-content\/uploads\/2025\/03\/IMG-20250207-WA0048-683x1024.jpg\" alt=\"\" class=\"wp-image-88 size-full lazyload\" data-srcset=\"https:\/\/versicherungskoenig.com\/wp-content\/uploads\/2025\/03\/IMG-20250207-WA0048-683x1024.jpg 683w, https:\/\/versicherungskoenig.com\/wp-content\/uploads\/2025\/03\/IMG-20250207-WA0048-200x300.jpg 200w, https:\/\/versicherungskoenig.com\/wp-content\/uploads\/2025\/03\/IMG-20250207-WA0048-768x1152.jpg 768w, https:\/\/versicherungskoenig.com\/wp-content\/uploads\/2025\/03\/IMG-20250207-WA0048-1024x1536.jpg 1024w, https:\/\/versicherungskoenig.com\/wp-content\/uploads\/2025\/03\/IMG-20250207-WA0048.jpg 1365w\" data-sizes=\"(max-width: 683px) 100vw, 683px\" src=\"data:image\/gif;base64,R0lGODlhAQABAAAAACH5BAEKAAEALAAAAAABAAEAAAICTAEAOw==\" style=\"--smush-placeholder-width: 683px; --smush-placeholder-aspect-ratio: 683\/1024;\" \/><\/figure><\/div>\n\n\n<div class=\"wp-block-image\">\n<figure class=\"aligncenter size-large is-resized\"><img decoding=\"async\" width=\"506\" height=\"1024\" data-src=\"https:\/\/versicherungskoenig.com\/wp-content\/uploads\/2025\/03\/Auszeichnungen-506x1024.jpg\" alt=\"\" class=\"wp-image-93 lazyload\" style=\"--smush-placeholder-width: 506px; --smush-placeholder-aspect-ratio: 506\/1024;width:840px;height:auto\" data-srcset=\"https:\/\/versicherungskoenig.com\/wp-content\/uploads\/2025\/03\/Auszeichnungen-506x1024.jpg 506w, https:\/\/versicherungskoenig.com\/wp-content\/uploads\/2025\/03\/Auszeichnungen-148x300.jpg 148w, https:\/\/versicherungskoenig.com\/wp-content\/uploads\/2025\/03\/Auszeichnungen-768x1556.jpg 768w, https:\/\/versicherungskoenig.com\/wp-content\/uploads\/2025\/03\/Auszeichnungen-758x1536.jpg 758w, https:\/\/versicherungskoenig.com\/wp-content\/uploads\/2025\/03\/Auszeichnungen.jpg 984w\" data-sizes=\"(max-width: 506px) 100vw, 506px\" src=\"data:image\/gif;base64,R0lGODlhAQABAAAAACH5BAEKAAEALAAAAAABAAEAAAICTAEAOw==\" \/><\/figure>\n<\/div>","protected":false},"excerpt":{"rendered":"<p>Als gebundener Versicherungsberater f\u00fcr die ARAG SE habe ich es mir als Aufgabe gemacht, den Kunden zu beraten und nicht schlichtweg zu verkaufen. Eine Versicherung soll Ihnen helfen, sich Ihren Bed\u00fcrfnissen entsprechend abzusichern, um vor finanziellen Sch\u00e4den gesch\u00fctzt zu sein. Mein Ziel ist es, dies mit Ihnen gemeinsam zu erreichen. Ich m\u00f6chte keinen schnellen Verkaufsabschluss, [&hellip;]<\/p>\n","protected":false},"author":1,"featured_media":0,"parent":0,"menu_order":0,"comment_status":"closed","ping_status":"closed","template":"","meta":{"footnotes":""},"class_list":["post-63","page","type-page","status-publish","hentry"],"_links":{"self":[{"href":"https:\/\/versicherungskoenig.com\/index.php?rest_route=\/wp\/v2\/pages\/63","targetHints":{"allow":["GET"]}}],"collection":[{"href":"https:\/\/versicherungskoenig.com\/index.php?rest_route=\/wp\/v2\/pages"}],"about":[{"href":"https:\/\/versicherungskoenig.com\/index.php?rest_route=\/wp\/v2\/types\/page"}],"author":[{"embeddable":true,"href":"https:\/\/versicherungskoenig.com\/index.php?rest_route=\/wp\/v2\/users\/1"}],"replies":[{"embeddable":true,"href":"https:\/\/versicherungskoenig.com\/index.php?rest_route=%2Fwp%2Fv2%2Fcomments&post=63"}],"version-history":[{"count":7,"href":"https:\/\/versicherungskoenig.com\/index.php?rest_route=\/wp\/v2\/pages\/63\/revisions"}],"predecessor-version":[{"id":122,"href":"https:\/\/versicherungskoenig.com\/index.php?rest_route=\/wp\/v2\/pages\/63\/revisions\/122"}],"wp:attachment":[{"href":"https:\/\/versicherungskoenig.com\/index.php?rest_route=%2Fwp%2Fv2%2Fmedia&parent=63"}],"curies":[{"name":"wp","href":"https:\/\/api.w.org\/{rel}","templated":true}]}}